{"id":312,"date":"2015-01-27T16:06:57","date_gmt":"2015-01-27T16:06:57","guid":{"rendered":"http:\/\/188.93.73.15\/~rgbfotografia\/?page_id=312"},"modified":"2026-03-17T16:48:12","modified_gmt":"2026-03-17T16:48:12","slug":"312-2","status":"publish","type":"page","link":"https:\/\/www.rgbfotografia.com\/?page_id=312","title":{"rendered":"Nosotros"},"content":{"rendered":"<div class=\"yiv1239367354MsoNormal\">\n<h3 data-start=\"156\" data-end=\"188\">Bienvenidos a RGB Fotograf\u00eda<\/h3>\n<p data-start=\"190\" data-end=\"265\">Hola, soy Roberto Gonz\u00e1lez, fot\u00f3grafo de bodas y creador de RGB Fotograf\u00eda.<\/p>\n<p data-start=\"267\" data-end=\"449\">Mi misi\u00f3n es sencilla: <strong data-start=\"290\" data-end=\"372\">convertir uno de los d\u00edas m\u00e1s importantes de tu vida en recuerdos inolvidables<\/strong>, im\u00e1genes que no solo ver\u00e1s, sino que sentir\u00e1s cada vez que vuelvas a ellas.<\/p>\n<hr data-start=\"451\" data-end=\"454\" \/>\n<h3 data-start=\"456\" data-end=\"498\">Una historia \u00fanica, contada con estilo<\/h3>\n<p data-start=\"500\" data-end=\"622\">Cada pareja es diferente, y vuestra historia tambi\u00e9n lo es. Por eso, no creo en bodas est\u00e1ndar ni en fotograf\u00edas sin alma.<\/p>\n<p data-start=\"624\" data-end=\"853\">Trabajo con un enfoque que combina la naturalidad del reportaje con una est\u00e9tica editorial cuidada, creando im\u00e1genes elegantes, emocionales y atemporales. Fotograf\u00edas que podr\u00edan estar en una revista, pero que hablan de vosotros.<\/p>\n<hr data-start=\"855\" data-end=\"858\" \/>\n<h3 data-start=\"860\" data-end=\"891\">Mucho m\u00e1s que fotos bonitas<\/h3>\n<p data-start=\"893\" data-end=\"964\">No se trata solo de capturar lo que pasa, sino de <strong data-start=\"943\" data-end=\"963\">c\u00f3mo se recuerda<\/strong>.<\/p>\n<p data-start=\"966\" data-end=\"1144\">Desde los nervios antes de la ceremonia hasta las miradas c\u00f3mplices o las l\u00e1grimas inesperadas, estoy ah\u00ed para anticiparme y documentar cada momento con sensibilidad y precisi\u00f3n.<\/p>\n<p data-start=\"1146\" data-end=\"1254\">Y cuando es necesario, os gu\u00edo de forma natural para conseguir im\u00e1genes favorecedoras, sin posados forzados.<\/p>\n<hr data-start=\"1256\" data-end=\"1259\" \/>\n<h3 data-start=\"1261\" data-end=\"1300\">Experiencia que marca la diferencia<\/h3>\n<p data-start=\"1302\" data-end=\"1423\">Con m\u00e1s de 17 a\u00f1os de experiencia y m\u00e1s de 400 bodas documentadas, s\u00e9 exactamente cu\u00e1ndo intervenir y cu\u00e1ndo desaparecer.<\/p>\n<p data-start=\"1425\" data-end=\"1569\">Eso me permite ofreceros algo muy valioso: <strong data-start=\"1468\" data-end=\"1484\">tranquilidad<\/strong>. Saber que todo est\u00e1 en buenas manos mientras vosotros solo os dedic\u00e1is a disfrutar.<\/p>\n<hr data-start=\"1571\" data-end=\"1574\" \/>\n<h3 data-start=\"1576\" data-end=\"1609\">Cercan\u00eda, confianza y emoci\u00f3n<\/h3>\n<p data-start=\"1611\" data-end=\"1642\">Para m\u00ed, no sois solo clientes.<\/p>\n<p data-start=\"1644\" data-end=\"1764\">Me implico en cada boda, creando un ambiente de confianza que se refleja en fotos reales, naturales y llenas de emoci\u00f3n.<\/p>\n<p data-start=\"1766\" data-end=\"1848\">Porque las mejores im\u00e1genes nacen cuando os sent\u00eds c\u00f3modos siendo vosotros mismos.<\/p>\n<hr data-start=\"1850\" data-end=\"1853\" \/>\n<h3 data-start=\"1855\" data-end=\"1869\">\u00bfHablamos?<\/h3>\n<p data-start=\"1871\" data-end=\"1998\">Si busc\u00e1is un fot\u00f3grafo que cuide cada detalle, que entienda vuestra historia y que transforme vuestro d\u00eda en algo inolvidable\u2026<\/p>\n<p data-start=\"2000\" data-end=\"2030\">Estar\u00e9 encantado de conoceros.<\/p>\n<hr data-start=\"2032\" data-end=\"2035\" \/>\n<p data-start=\"2037\" data-end=\"2094\"><strong data-start=\"2037\" data-end=\"2094\">Reserva vuestra fecha y empecemos a crear algo \u00fanico.<\/strong><\/p>\n<p data-start=\"2096\" data-end=\"2124\"><strong data-start=\"2096\" data-end=\"2107\">Roberto<\/strong><br data-start=\"2107\" data-end=\"2110\" \/>RGB Fotograf\u00eda<\/p>\n<\/div>\n<p>&nbsp;<\/p>\n<p><script src=\"https:\/\/cdn1.bodas.net\/_js\/wp-rated.js?v=4\"><\/script><\/p>\n<div id=\"wp-rated\"><a title=\"Sugerido en www.bodas.net\" href=\"https:\/\/www.bodas.net\/fotografos\/rgb-fotografia--e11412\" target=\"_blank\" rel=\"nofollow noopener\"><img decoding=\"async\" id=\"wp-rated-img\" src=\"https:\/\/cdn1.bodas.net\/assets\/img\/badges\/rated\/badge-rated-100.png\" alt=\"Recomendado en Bodas.net\" \/><\/a><\/div>\n<p><script>wpShowRatedv2('11412');<\/script><\/p>\n<div id=\"wp-ratedWA\"><a title=\"RGB Fotografia, ganador Wedding Awards 2026 Bodas.net\" href=\"https:\/\/www.bodas.net\/fotografos\/rgb-fotografia--e11412\" target=\"_blank\" rel=\"nofollow noopener\"><br \/>\n<img loading=\"lazy\" decoding=\"async\" id=\"wp-ratedWA-img-2026\" src=\"https:\/\/cdn1.bodas.net\/img\/badges\/2026\/badge-weddingawards_es_ES.jpg\" alt=\"RGB Fotografia, ganador Wedding Awards 2026 Bodas.net\" width=\"125\" height=\"125\" \/><br \/>\n<\/a><\/div>\n<p><script type=\"text\/javascript\" src=\"https:\/\/cdn1.bodas.net\/_js\/wp-rated.js?v=4\"><\/script><br \/>\n<script>wpShowRatedWAv3('11412','2026');<\/script><\/p>\n","protected":false},"excerpt":{"rendered":"<p>Bienvenidos a RGB Fotograf\u00eda Hola, soy Roberto Gonz\u00e1lez, fot\u00f3grafo de bodas y creador de RGB Fotograf\u00eda. Mi misi\u00f3n es sencilla: convertir uno de los d\u00edas m\u00e1s importantes de tu vida en recuerdos inolvidables, im\u00e1genes que no solo ver\u00e1s, sino que sentir\u00e1s cada vez que vuelvas a ellas. Una historia \u00fanica, contada con estilo Cada pareja es diferente, y vuestra historia tambi\u00e9n lo es. Por eso, no creo en bodas est\u00e1ndar ni en fotograf\u00edas sin alma. Trabajo con un enfoque que combina la naturalidad del reportaje con una est\u00e9tica editorial cuidada, creando im\u00e1genes elegantes, emocionales y atemporales. Fotograf\u00edas que podr\u00edan estar en una revista, pero que hablan de vosotros. Mucho m\u00e1s que fotos bonitas No se trata solo de capturar lo que pasa, sino de c\u00f3mo se recuerda. Desde los nervios antes de la ceremonia hasta las miradas c\u00f3mplices o las l\u00e1grimas inesperadas, estoy ah\u00ed para anticiparme y documentar cada momento..<\/p>\n","protected":false},"author":1,"featured_media":0,"parent":0,"menu_order":0,"comment_status":"closed","ping_status":"open","template":"single-proof_gallery.php","meta":{"footnotes":""},"class_list":["post-312","page","type-page","status-publish","hentry"],"_links":{"self":[{"href":"https:\/\/www.rgbfotografia.com\/index.php?rest_route=\/wp\/v2\/pages\/312","targetHints":{"allow":["GET"]}}],"collection":[{"href":"https:\/\/www.rgbfotografia.com\/index.php?rest_route=\/wp\/v2\/pages"}],"about":[{"href":"https:\/\/www.rgbfotografia.com\/index.php?rest_route=\/wp\/v2\/types\/page"}],"author":[{"embeddable":true,"href":"https:\/\/www.rgbfotografia.com\/index.php?rest_route=\/wp\/v2\/users\/1"}],"replies":[{"embeddable":true,"href":"https:\/\/www.rgbfotografia.com\/index.php?rest_route=%2Fwp%2Fv2%2Fcomments&post=312"}],"version-history":[{"count":22,"href":"https:\/\/www.rgbfotografia.com\/index.php?rest_route=\/wp\/v2\/pages\/312\/revisions"}],"predecessor-version":[{"id":1499,"href":"https:\/\/www.rgbfotografia.com\/index.php?rest_route=\/wp\/v2\/pages\/312\/revisions\/1499"}],"wp:attachment":[{"href":"https:\/\/www.rgbfotografia.com\/index.php?rest_route=%2Fwp%2Fv2%2Fmedia&parent=312"}],"curies":[{"name":"wp","href":"https:\/\/api.w.org\/{rel}","templated":true}]}}